{"id":8778,"date":"2020-12-12T19:02:01","date_gmt":"2020-12-12T19:02:01","guid":{"rendered":"https:\/\/lyricaudio.com\/web\/?page_id=8778"},"modified":"2020-12-18T09:19:55","modified_gmt":"2020-12-18T09:19:55","slug":"feliz-navidad","status":"publish","type":"page","link":"https:\/\/lyricaudio.com\/web\/feliz-navidad\/","title":{"rendered":"Feliz Navidad"},"content":{"rendered":"<p><a href=\"https:\/\/youtu.be\/V_PqoMUM6FI\"><strong>Felicitaci\u00f3n Navide\u00f1a<\/strong><\/a><\/p>\n<p><iframe loading=\"lazy\" title=\"Felices Fiestas a todos\" width=\"1200\" height=\"675\" src=\"https:\/\/www.youtube.com\/embed\/V_PqoMUM6FI?feature=oembed\" frameborder=\"0\" allow=\"accelerometer; autoplay; clipboard-write; encrypted-media; gyroscope; picture-in-picture\" allowfullscreen><\/iframe><\/p>\n<a class=\"wpsal-anchor\" name=\"sudamerica\" id=\"sudamerica\"><\/a>\n<hr \/>\n<h2 class=\"_3vbdr sc-dfVpRl jZZncJ\"><a href=\"https:\/\/youtu.be\/zV3h9rUggWU\" target=\"_blank\" rel=\"noopener\"><span class=\"-KXLs\">Felices Fiestas para toda Sudam\u00e9rica<\/span><\/a><\/h2>\n<p><iframe loading=\"lazy\" title=\"Felices Fiestas para toda Sudam\u00e9rica .\" width=\"1200\" height=\"675\" src=\"https:\/\/www.youtube.com\/embed\/zV3h9rUggWU?feature=oembed\" frameborder=\"0\" allow=\"accelerometer; autoplay; clipboard-write; encrypted-media; gyroscope; picture-in-picture\" allowfullscreen><\/iframe><\/p>\n","protected":false},"excerpt":{"rendered":"<p>Felicitaci\u00f3n Navide\u00f1a Felices Fiestas para toda Sudam\u00e9rica<\/p>\n","protected":false},"author":1,"featured_media":0,"parent":0,"menu_order":0,"comment_status":"closed","ping_status":"closed","template":"","meta":{"_et_pb_use_builder":"","_et_pb_old_content":"","_et_gb_content_width":"","footnotes":""},"class_list":["post-8778","page","type-page","status-publish"],"_links":{"self":[{"href":"https:\/\/lyricaudio.com\/web\/wp-json\/wp\/v2\/pages\/8778","targetHints":{"allow":["GET"]}}],"collection":[{"href":"https:\/\/lyricaudio.com\/web\/wp-json\/wp\/v2\/pages"}],"about":[{"href":"https:\/\/lyricaudio.com\/web\/wp-json\/wp\/v2\/types\/page"}],"author":[{"embeddable":true,"href":"https:\/\/lyricaudio.com\/web\/wp-json\/wp\/v2\/users\/1"}],"replies":[{"embeddable":true,"href":"https:\/\/lyricaudio.com\/web\/wp-json\/wp\/v2\/comments?post=8778"}],"version-history":[{"count":4,"href":"https:\/\/lyricaudio.com\/web\/wp-json\/wp\/v2\/pages\/8778\/revisions"}],"predecessor-version":[{"id":8843,"href":"https:\/\/lyricaudio.com\/web\/wp-json\/wp\/v2\/pages\/8778\/revisions\/8843"}],"wp:attachment":[{"href":"https:\/\/lyricaudio.com\/web\/wp-json\/wp\/v2\/media?parent=8778"}],"curies":[{"name":"wp","href":"https:\/\/api.w.org\/{rel}","templated":true}]}}