{"id":8360,"date":"2020-08-22T20:38:56","date_gmt":"2020-08-22T20:38:56","guid":{"rendered":"https:\/\/lyricaudio.com\/web\/?page_id=8360"},"modified":"2020-08-22T20:43:42","modified_gmt":"2020-08-22T20:43:42","slug":"cat","status":"publish","type":"page","link":"https:\/\/lyricaudio.com\/web\/upgrades\/cat\/","title":{"rendered":"CAT"},"content":{"rendered":"<div>\n<p>El c\u00e9lebre preamplificador Convergent Audio Technology \/ CAT ha constituido uno de los mejores productos fabricados en la d\u00e9cada de los ochenta.<\/p>\n<p>Despu\u00e9s de tanto tiempo la puesta a punto resultaba perentoria.<\/p>\n<p>Optamos por condensadores Jensen de gran calidad y la sustituci\u00f3n del Potenci\u00f3metro por un Eizz de 24 pasos de resistencias calibradas de alta precisi\u00f3n.<\/p>\n<p>Nuestro anfitri\u00f3n le disfrutar\u00e1 durante otro largo tiempo.<\/p>\n<\/div>\n<div><a href=\"https:\/\/lyricaudio.com\/web\/wp-content\/uploads\/2020\/08\/cat.jpg\"><img loading=\"lazy\" decoding=\"async\" class=\"alignnone wp-image-8361 size-full\" title=\"CAT\" src=\"https:\/\/lyricaudio.com\/web\/wp-content\/uploads\/2020\/08\/cat.jpg\" alt=\"CAT\" width=\"1206\" height=\"477\" srcset=\"https:\/\/lyricaudio.com\/web\/wp-content\/uploads\/2020\/08\/cat.jpg 1206w, https:\/\/lyricaudio.com\/web\/wp-content\/uploads\/2020\/08\/cat-300x119.jpg 300w\" sizes=\"(max-width: 1206px) 100vw, 1206px\" \/><\/a><\/div>\n","protected":false},"excerpt":{"rendered":"<p>El c\u00e9lebre preamplificador Convergent Audio Technology \/ CAT ha constituido uno de los mejores productos fabricados en la d\u00e9cada de los ochenta. Despu\u00e9s de tanto tiempo la puesta a punto resultaba perentoria. Optamos por condensadores Jensen de gran calidad y la sustituci\u00f3n del Potenci\u00f3metro por un Eizz de 24 pasos de resistencias calibradas de alta &#8230; <\/p>\n<p class=\"read-more-container\"><a title=\"CAT\" class=\"read-more button\" href=\"https:\/\/lyricaudio.com\/web\/upgrades\/cat\/#more-8360\" aria-label=\"Leer m\u00e1s sobre CAT\">Leer m\u00e1s<\/a><\/p>\n","protected":false},"author":1,"featured_media":0,"parent":7523,"menu_order":0,"comment_status":"closed","ping_status":"closed","template":"","meta":{"_et_pb_use_builder":"","_et_pb_old_content":"","_et_gb_content_width":"","footnotes":""},"class_list":["post-8360","page","type-page","status-publish"],"_links":{"self":[{"href":"https:\/\/lyricaudio.com\/web\/wp-json\/wp\/v2\/pages\/8360","targetHints":{"allow":["GET"]}}],"collection":[{"href":"https:\/\/lyricaudio.com\/web\/wp-json\/wp\/v2\/pages"}],"about":[{"href":"https:\/\/lyricaudio.com\/web\/wp-json\/wp\/v2\/types\/page"}],"author":[{"embeddable":true,"href":"https:\/\/lyricaudio.com\/web\/wp-json\/wp\/v2\/users\/1"}],"replies":[{"embeddable":true,"href":"https:\/\/lyricaudio.com\/web\/wp-json\/wp\/v2\/comments?post=8360"}],"version-history":[{"count":6,"href":"https:\/\/lyricaudio.com\/web\/wp-json\/wp\/v2\/pages\/8360\/revisions"}],"predecessor-version":[{"id":8371,"href":"https:\/\/lyricaudio.com\/web\/wp-json\/wp\/v2\/pages\/8360\/revisions\/8371"}],"up":[{"embeddable":true,"href":"https:\/\/lyricaudio.com\/web\/wp-json\/wp\/v2\/pages\/7523"}],"wp:attachment":[{"href":"https:\/\/lyricaudio.com\/web\/wp-json\/wp\/v2\/media?parent=8360"}],"curies":[{"name":"wp","href":"https:\/\/api.w.org\/{rel}","templated":true}]}}