{"id":47,"date":"2016-06-17T19:20:00","date_gmt":"2016-06-17T19:20:00","guid":{"rendered":"https:\/\/lyricaudio.com\/web\/?page_id=47"},"modified":"2023-04-12T17:33:48","modified_gmt":"2023-04-12T17:33:48","slug":"politica-de-privacidad","status":"publish","type":"page","link":"https:\/\/lyricaudio.com\/web\/politica-de-privacidad\/","title":{"rendered":"Pol\u00edtica de privacidad"},"content":{"rendered":"<p><strong>Protecci\u00f3n de datos de car\u00e1cter personal<\/strong><\/p>\n<p>En virtud de la Ley Org\u00e1nica 3\/2018, Ley Org\u00e1nica de Protecci\u00f3n de Datos Personales y Garant\u00eda de los Derechos Digitales, se le comunica que sus datos de car\u00e1cter personal que pudiera remitirnos por cualquier v\u00eda formar\u00e1n parte de un fichero registrado ante la Agencia Espa\u00f1ola de Protecci\u00f3n de Datos, cuya finalidad es la gesti\u00f3n administrativa y\/o comercial de la empresa.<\/p>\n<p><strong>Procedimientos de acceso, cancelaci\u00f3n, oposici\u00f3n y\/o rectificaci\u00f3n<\/strong><\/p>\n<p>En relaci\u00f3n a sus datos de car\u00e1cter personal, se le informa que le asisten los derechos de acceso, cancelaci\u00f3n, oposici\u00f3n y rectificaci\u00f3n, pudi\u00e9ndolos ejercitar por escrito a <strong>LYRIC AUDIO ELITE S.L.<\/strong> <strong>, <\/strong>C\/ TOBALINA n\u00ba 5, 34800 &#8211; AGUILAR DE CAMPOO (PALENCIA), o por email a la direcci\u00f3n <a href=\"mailto:info@lyricaudio.com\">info@lyricaudio.com<\/a>., indicando en todo caso la Referencia: \u201cProtecci\u00f3n de datos\u201d y acompa\u00f1ando alg\u00fan documento que acredite su identidad, como copia del DNI.<\/p>\n<p>Tendr\u00e1 derecho a saber en qu\u00e9 estado est\u00e1n sus datos; a qu\u00e9 tipo de tratamiento est\u00e1n sujetos; de d\u00f3nde se han obtenido; modificarlos si considerase no son correctos, o si\u00e9ndolo inicialmente ya no reflejan la realidad actual por haber cambiado \u00e9sta, o incluso cancelarlos totalmente, siempre y cuando esto \u00faltimo est\u00e9 permitido por la legislaci\u00f3n vigente.<\/p>\n<p>Para el ejercicio de los mencionados derechos, la solicitud que se dirija al Responsable del Fichero, deber\u00e1 contener los siguientes extremos:<\/p>\n<ul>\n<li>Nombre y apellidos del afectado, adjuntando fotocopia del DNI (o de cualquier otro documento v\u00e1lido en derecho en orden a la identificaci\u00f3n del solicitante). Para el caso de actuar en representaci\u00f3n de alguien, o de alguna persona jur\u00eddica, fotocopia del documento que acredite tal representaci\u00f3n.<\/li>\n<li>Petici\u00f3n en que se basa o fundamenta la solicitud.<\/li>\n<li>Indicaci\u00f3n de un domicilio a efectos de notificaci\u00f3n.<\/li>\n<li>Documentos, en su caso, que acrediten el fundamento de la petici\u00f3n.<\/li>\n<\/ul>\n<p>Para el env\u00edo de dicha solicitud habr\u00e1 de usarse cualquier medio que pueda demostrar el env\u00edo y recepci\u00f3n de la solicitud.<\/p>\n<p>&nbsp;<\/p>\n","protected":false},"excerpt":{"rendered":"<p>Protecci\u00f3n de datos de car\u00e1cter personal En virtud de la Ley Org\u00e1nica 3\/2018, Ley Org\u00e1nica de Protecci\u00f3n de Datos Personales y Garant\u00eda de los Derechos Digitales, se le comunica que sus datos de car\u00e1cter personal que pudiera remitirnos por cualquier v\u00eda formar\u00e1n parte de un fichero registrado ante la Agencia Espa\u00f1ola de Protecci\u00f3n de Datos, &#8230; <\/p>\n<p class=\"read-more-container\"><a title=\"Pol\u00edtica de privacidad\" class=\"read-more button\" href=\"https:\/\/lyricaudio.com\/web\/politica-de-privacidad\/#more-47\" aria-label=\"Leer m\u00e1s sobre Pol\u00edtica de privacidad\">Leer m\u00e1s<\/a><\/p>\n","protected":false},"author":1,"featured_media":0,"parent":0,"menu_order":0,"comment_status":"closed","ping_status":"closed","template":"","meta":{"_et_pb_use_builder":"","_et_pb_old_content":"","_et_gb_content_width":"","footnotes":""},"class_list":["post-47","page","type-page","status-publish"],"_links":{"self":[{"href":"https:\/\/lyricaudio.com\/web\/wp-json\/wp\/v2\/pages\/47","targetHints":{"allow":["GET"]}}],"collection":[{"href":"https:\/\/lyricaudio.com\/web\/wp-json\/wp\/v2\/pages"}],"about":[{"href":"https:\/\/lyricaudio.com\/web\/wp-json\/wp\/v2\/types\/page"}],"author":[{"embeddable":true,"href":"https:\/\/lyricaudio.com\/web\/wp-json\/wp\/v2\/users\/1"}],"replies":[{"embeddable":true,"href":"https:\/\/lyricaudio.com\/web\/wp-json\/wp\/v2\/comments?post=47"}],"version-history":[{"count":6,"href":"https:\/\/lyricaudio.com\/web\/wp-json\/wp\/v2\/pages\/47\/revisions"}],"predecessor-version":[{"id":10867,"href":"https:\/\/lyricaudio.com\/web\/wp-json\/wp\/v2\/pages\/47\/revisions\/10867"}],"wp:attachment":[{"href":"https:\/\/lyricaudio.com\/web\/wp-json\/wp\/v2\/media?parent=47"}],"curies":[{"name":"wp","href":"https:\/\/api.w.org\/{rel}","templated":true}]}}