{"id":37,"date":"2016-06-17T19:03:45","date_gmt":"2016-06-17T19:03:45","guid":{"rendered":"https:\/\/lyricaudio.com\/web\/?page_id=37"},"modified":"2025-01-29T12:55:57","modified_gmt":"2025-01-29T12:55:57","slug":"aviso-legal","status":"publish","type":"page","link":"https:\/\/lyricaudio.com\/web\/aviso-legal\/","title":{"rendered":"Aviso legal"},"content":{"rendered":"<h5>DATOS DE LA EMPRESA<\/h5>\n<p>En cumplimiento del art\u00edculo 10 de la Ley 34\/2002, de 11 de julio, de Servicios de la Sociedad de la Informaci\u00f3n y Comercio Electr\u00f3nico, <strong>LYRIC AUDIO ELITE S.L.<\/strong> le informa que se encuentra inscrita en el Registro Mercantil de Palencia Tomo 304, Folio 9, Hoja P-3417, Inscripci\u00f3n 1\u00aa, siendo sus datos identificativos los siguientes:<\/p>\n<p style=\"padding-left: 30px;\">&#8211; Denominaci\u00f3n social es: <strong>LYRIC AUDIO ELITE S.L.<\/strong><br \/>\n&#8211; C.I.F es: B34186304<br \/>\n&#8211; Domicilio social: C\/ TOBALINA n\u00ba 5, 34800 &#8211; AGUILAR DE CAMPOO (PALENCIA)<br \/>\n&#8211; Tel\u00e9fono: <strong>610 54 60 43<\/strong><br \/>\n&#8211; Correo electr\u00f3nico a efectos de comunicaci\u00f3n: <a href=\"mailto:info@lyricaudio.com\">info@lyricaudio.com<\/a><\/p>\n<p>Todas las notificaciones y comunicaciones entre los usuarios y <strong>LYRIC AUDIO ELITE S.L.<\/strong> se considerar\u00e1n eficaces, a todos los efectos, cuando se realicen a trav\u00e9s de correo postal o cualquier otro medio de los detallados anteriormente.<\/p>\n<h5>CONDICIONES DE ACCESO Y UTILIZACI\u00d3N<\/h5>\n<p>El presente aviso legal regula el uso del sitio web (en adelante, LA WEB), del que es titular <strong>LYRIC AUDIO ELITE S.L.<\/strong><\/p>\n<p>La navegaci\u00f3n por la web de <strong>LYRIC AUDIO ELITE S.L.<\/strong> atribuye la condici\u00f3n de usuario del mismo e implica la aceptaci\u00f3n plena y sin reservas de todas y cada una de las disposiciones incluidas en este Aviso Legal, que pueden sufrir modificaciones.<\/p>\n<p>El sitio web y sus servicios son de acceso libre y gratuito, no obstante, <strong>LYRIC AUDIO ELITE S.L.<\/strong> condiciona la utilizaci\u00f3n de algunos de los servicios ofrecidos en su web a la previa cumplimentaci\u00f3n del correspondiente formulario.<\/p>\n<p>Las fotograf\u00edas usadas en algunas cabeceras, as\u00ed como algunos iconos est\u00e1n descargados de la web: <a href=\"https:\/\/pixabay.com\/es\/\" target=\"_blank\" rel=\"noopener noreferrer\">https:\/\/pixabay.com\/es\/<\/a>.\u00a0La citada web dice que \u201c<em>Todas las im\u00e1genes y videos en Pixabay son publicadas libres de derechos de autor bajo la licencia Creative Commons CC0. Puedes descargarlas, modificarlas, distribuirlas y usarlas libres de pago para cualquier uso, a\u00fan para aplicaciones comerciales. No es necesaria atribuci\u00f3n<\/em>.\u201d El resto pertenecen a los cat\u00e1logos de cada marca. Puedes acceder a ellas desde la secci\u00f3n <a href=\"https:\/\/lyricaudio.com\/web\/marcas\/\">Marcas<\/a>.<\/p>\n<p>Los textos est\u00e1n redactados por <strong>LYRIC AUDIO ELITE S.L.<\/strong> y se nombran en todo momento la precedencia de sus fuentes.<\/p>\n<p>El usuario garantiza la autenticidad y actualidad de todos aquellos datos que comunique a <strong>LYRIC AUDIO ELITE S.L.<\/strong> y ser\u00e1 el \u00fanico responsable de las manifestaciones falsas o inexactas que realice.<\/p>\n<p>El usuario se obliga a hacer un uso correcto del sitio web de conformidad con las leyes, la buena fe, el orden p\u00fablico, los usos del tr\u00e1fico y el presente Aviso Legal. El usuario responder\u00e1 frente a <strong>LYRIC AUDIO ELITE S.L.<\/strong> o frente a terceros, de cualesquiera da\u00f1os y perjuicios que pudieran causarse como consecuencia del incumplimiento de dicha obligaci\u00f3n.<\/p>\n<h5>DERECHO DE DESISTIMIENTO<\/h5>\n<p>Si usted est\u00e1 contratando como consumidor y usuario, tiene usted derecho a desistir del presente contrato en un plazo de 14 d\u00edas naturales sin necesidad de justificaci\u00f3n. El plazo de desistimiento expirar\u00e1 a los 14 d\u00edas naturales del d\u00eda que usted o un tercero por usted indicado, distinto del transportista, adquiri\u00f3 la posesi\u00f3n material de los bienes o en caso de que los bienes que componen su pedido se entreguen por separado, a los 14 d\u00edas naturales del d\u00eda que usted o un tercero por usted indicado, distinto del transportista, adquiri\u00f3 la posesi\u00f3n material del \u00faltimo de esos bienes. Para ejercer el derecho de desistimiento, deber\u00e1 usted notificarnos a <strong>LYRIC AUDIO ELITE S.L.<\/strong> , a la direcci\u00f3n, <strong>Plaza Tobalina, 5, 34.800 de Aguilar De Campoo<\/strong> o a\u00a0<strong><a href=\"mailto:info@lyricaudio.com\" target=\"_blank\" rel=\"noopener\">info@lyricaudio.com<\/a><\/strong>\u00a0, su decisi\u00f3n de desistir del contrato a trav\u00e9s de una declaraci\u00f3n inequ\u00edvoca (por ejemplo, una carta enviada por correo postal o electr\u00f3nico). Podr\u00e1 utilizar el modelo de formulario de desistimiento que figura como <a href=\"https:\/\/lyricaudio.com\/web\/wp-content\/uploads\/2022\/04\/formulario-desistimiento.pdf\" target=\"_blank\" rel=\"noopener\"><strong>Anexo a las presentes Condiciones<\/strong><\/a>, aunque su uso no es obligatorio. Para cumplir el plazo de desistimiento, basta con que la comunicaci\u00f3n relativa al ejercicio por su parte de este derecho sea enviada antes de que venza el plazo correspondiente.<\/p>\n<h5>Consecuencias del desistimiento:<\/h5>\n<p>En caso de desistimiento por su parte, le devolveremos todos los pagos recibidos de usted, incluidos los gastos de entrega hasta la direcci\u00f3n de env\u00edo inicial (con la excepci\u00f3n de los gastos adicionales resultantes de la elecci\u00f3n por su parte de una modalidad de entrega diferente a la modalidad menos costosa de entrega ordinaria que ofrezcamos) sin ninguna demora indebida y, en todo caso, a m\u00e1s tardar 14 d\u00edas naturales a partir de la fecha en la que se nos informe de su decisi\u00f3n de desistir del presente contrato. Procederemos a efectuar dicho reembolso utilizando el mismo medio de pago empleado por usted para la transacci\u00f3n inicial, salvo que usted nos indique lo contrario, detallando expresamente el medio de pago a trav\u00e9s del cual desea que realicemos la devoluci\u00f3n. No incurrir\u00e1 en ning\u00fan gasto como consecuencia del reembolso. No obstante lo anterior, podremos retener el reembolso hasta haber recibido los bienes, o hasta que usted haya presentado una prueba de la devoluci\u00f3n de los mismos, seg\u00fan qu\u00e9 condici\u00f3n se cumpla primero. Deber\u00e1 usted solicitar la misma por los medios arriba referidos. Se considerar\u00e1 cumplido el plazo si efect\u00faa la devoluci\u00f3n de los bienes antes de que haya concluido dicho plazo. Solo ser\u00e1 usted responsable de la disminuci\u00f3n de valor de los bienes resultante de una manipulaci\u00f3n distinta a la necesaria para establecer la naturaleza, las caracter\u00edsticas y el funcionamiento de los bienes.<\/p>\n<h5>POL\u00cdTICA DE ENLACES Y EXENCIONES DE RESPONSABILIDADES<\/h5>\n<p><strong>LYRIC AUDIO ELITE S.L.<\/strong> no se hace responsable del contenido de las p\u00e1ginas web a las que el usuario pueda acceder a trav\u00e9s de los enlaces establecidos en su website y declara que en ning\u00fan caso proceder\u00e1 a examinar o ejercitar ning\u00fan tipo de control sobre el contenido de otras p\u00e1ginas de la red. Asimismo, tampoco garantizar\u00e1 la disponibilidad t\u00e9cnica, exactitud, veracidad, validez o legalidad de p\u00e1ginas ajenas a su propiedad a las que se pueda acceder por medio de los enlaces.<\/p>\n<p><strong>LYRIC AUDIO ELITE S.L.<\/strong> declara haber adoptado todas las medidas necesarias para evitar cualesquiera da\u00f1os que, a los usuarios de su website, pudieran derivarse de la navegaci\u00f3n por su p\u00e1gina web. En consecuencia, <strong>LYRIC AUDIO ELITE S.L.<\/strong> no se hace responsable, en ning\u00fan caso, de los eventuales da\u00f1os que por la navegaci\u00f3n por Internet pudiera sufrir el usuario.<\/p>\n<p>&nbsp;<\/p>\n","protected":false},"excerpt":{"rendered":"<p>DATOS DE LA EMPRESA En cumplimiento del art\u00edculo 10 de la Ley 34\/2002, de 11 de julio, de Servicios de la Sociedad de la Informaci\u00f3n y Comercio Electr\u00f3nico, LYRIC AUDIO ELITE S.L. le informa que se encuentra inscrita en el Registro Mercantil de Palencia Tomo 304, Folio 9, Hoja P-3417, Inscripci\u00f3n 1\u00aa, siendo sus datos &#8230; <\/p>\n<p class=\"read-more-container\"><a title=\"Aviso legal\" class=\"read-more button\" href=\"https:\/\/lyricaudio.com\/web\/aviso-legal\/#more-37\" aria-label=\"Leer m\u00e1s sobre Aviso legal\">Leer m\u00e1s<\/a><\/p>\n","protected":false},"author":1,"featured_media":0,"parent":0,"menu_order":0,"comment_status":"closed","ping_status":"closed","template":"","meta":{"_et_pb_use_builder":"","_et_pb_old_content":"","_et_gb_content_width":"","footnotes":""},"class_list":["post-37","page","type-page","status-publish"],"_links":{"self":[{"href":"https:\/\/lyricaudio.com\/web\/wp-json\/wp\/v2\/pages\/37","targetHints":{"allow":["GET"]}}],"collection":[{"href":"https:\/\/lyricaudio.com\/web\/wp-json\/wp\/v2\/pages"}],"about":[{"href":"https:\/\/lyricaudio.com\/web\/wp-json\/wp\/v2\/types\/page"}],"author":[{"embeddable":true,"href":"https:\/\/lyricaudio.com\/web\/wp-json\/wp\/v2\/users\/1"}],"replies":[{"embeddable":true,"href":"https:\/\/lyricaudio.com\/web\/wp-json\/wp\/v2\/comments?post=37"}],"version-history":[{"count":6,"href":"https:\/\/lyricaudio.com\/web\/wp-json\/wp\/v2\/pages\/37\/revisions"}],"predecessor-version":[{"id":12143,"href":"https:\/\/lyricaudio.com\/web\/wp-json\/wp\/v2\/pages\/37\/revisions\/12143"}],"wp:attachment":[{"href":"https:\/\/lyricaudio.com\/web\/wp-json\/wp\/v2\/media?parent=37"}],"curies":[{"name":"wp","href":"https:\/\/api.w.org\/{rel}","templated":true}]}}