{"id":20,"date":"2016-06-17T18:45:46","date_gmt":"2016-06-17T18:45:46","guid":{"rendered":"https:\/\/lyricaudio.com\/web\/?page_id=20"},"modified":"2025-01-29T12:56:41","modified_gmt":"2025-01-29T12:56:41","slug":"s-a-t","status":"publish","type":"page","link":"https:\/\/lyricaudio.com\/web\/s-a-t\/","title":{"rendered":"S.A.T."},"content":{"rendered":"<p>Para <strong>Lyric Audio \u00c9lite<\/strong>, siempre ha sido una prioridad cuidar y proteger los intereses de nuestros clientes. Nos esforzamos por ofrecer la mayor cobertura, cercan\u00eda y transparencia en todos los aspectos relacionados con la distribuci\u00f3n de nuestros productos. En esta ocasi\u00f3n, queremos brindar un nuevo tipo de apoyo abriendo nuestros talleres de Servicio T\u00e9cnico tanto a nuestros clientes como al p\u00fablico en general.<\/p>\n<p><img loading=\"lazy\" decoding=\"async\" class=\"alignleft wp-image-11429 size-medium\" src=\"https:\/\/lyricaudio.com\/web\/wp-content\/uploads\/2024\/01\/a-2-300x300.png\" alt=\"\" width=\"300\" height=\"300\" srcset=\"https:\/\/lyricaudio.com\/web\/wp-content\/uploads\/2024\/01\/a-2-300x300.png 300w, https:\/\/lyricaudio.com\/web\/wp-content\/uploads\/2024\/01\/a-2-150x150.png 150w, https:\/\/lyricaudio.com\/web\/wp-content\/uploads\/2024\/01\/a-2.png 1024w\" sizes=\"(max-width: 300px) 100vw, 300px\" \/><\/p>\n<p>Esta iniciativa es especialmente beneficiosa para aficionados que se enfrentan a desaf\u00edos con productos fuera de garant\u00eda o descontinuados, proporcionando un soporte personalizado para satisfacer las necesidades \u00fanicas del sector High End. No solo atendemos productos de nuestra marca, sino que extendemos nuestros servicios a cualquier equipo, sin importar su antig\u00fcedad.<\/p>\n<p><img loading=\"lazy\" decoding=\"async\" class=\"alignright wp-image-11433 size-medium\" src=\"https:\/\/lyricaudio.com\/web\/wp-content\/uploads\/2024\/01\/mlano-2-300x300.jpg\" alt=\"\" width=\"300\" height=\"300\" srcset=\"https:\/\/lyricaudio.com\/web\/wp-content\/uploads\/2024\/01\/mlano-2-300x300.jpg 300w, https:\/\/lyricaudio.com\/web\/wp-content\/uploads\/2024\/01\/mlano-2-150x150.jpg 150w, https:\/\/lyricaudio.com\/web\/wp-content\/uploads\/2024\/01\/mlano-2.jpg 1024w\" sizes=\"(max-width: 300px) 100vw, 300px\" \/><\/p>\n<p style=\"text-align: left;\">Adem\u00e1s, ofrecemos la opci\u00f3n de actualizar o afinar productos que se consideren necesarios, asegurando as\u00ed su \u00f3ptimo rendimiento y prolongando su vida \u00fatil. Esta modalidad permite que los aficionados, que a veces se sienten indefensos y perdidos en cuanto a soluciones, tengan acceso a un soporte que entiende y atiende las necesidades espec\u00edficas de cada caso. Nuestro compromiso se extiende m\u00e1s all\u00e1 de los productos que representamos, manifest\u00e1ndose en una amplia gama de servicios y soporte t\u00e9cnico.<\/p>\n<p style=\"text-align: left;\">Asimismo se ofrece la posibilidad de upgrade o puesta a punto de productos que se considere oportunos.<\/p>\n<p style=\"text-align: justify;\">A tal efecto hemos habilitado:<\/p>\n<ul style=\"text-align: justify;\">\n<li>Un n\u00famero de tel\u00e9fono: <strong>610 54 60 43<\/strong><\/li>\n<li>Una direcci\u00f3n electr\u00f3nica:<strong> <a href=\"mailto:sat@lyricaudio.com\">sat@lyricaudio.com<\/a><\/strong><\/li>\n<\/ul>\n<p style=\"text-align: justify;\">Se aconseja utilizar esta \u00faltima exponiendo el caso y necesidades a fin de someter a estudio y devolver una respuesta coherente y contrastada una vez analizada la situaci\u00f3n.<\/p>\n<p><strong>Daniel Bravo<\/strong><\/p>\n<p><strong>Director<\/strong><\/p>\n<h5><\/h5>\n","protected":false},"excerpt":{"rendered":"<p>Para Lyric Audio \u00c9lite, siempre ha sido una prioridad cuidar y proteger los intereses de nuestros clientes. Nos esforzamos por ofrecer la mayor cobertura, cercan\u00eda y transparencia en todos los aspectos relacionados con la distribuci\u00f3n de nuestros productos. En esta ocasi\u00f3n, queremos brindar un nuevo tipo de apoyo abriendo nuestros talleres de Servicio T\u00e9cnico tanto &#8230; <\/p>\n<p class=\"read-more-container\"><a title=\"S.A.T.\" class=\"read-more button\" href=\"https:\/\/lyricaudio.com\/web\/s-a-t\/#more-20\" aria-label=\"Leer m\u00e1s sobre S.A.T.\">Leer m\u00e1s<\/a><\/p>\n","protected":false},"author":1,"featured_media":11436,"parent":0,"menu_order":0,"comment_status":"closed","ping_status":"closed","template":"","meta":{"_et_pb_use_builder":"","_et_pb_old_content":"","_et_gb_content_width":"","footnotes":""},"class_list":["post-20","page","type-page","status-publish","has-post-thumbnail"],"_links":{"self":[{"href":"https:\/\/lyricaudio.com\/web\/wp-json\/wp\/v2\/pages\/20","targetHints":{"allow":["GET"]}}],"collection":[{"href":"https:\/\/lyricaudio.com\/web\/wp-json\/wp\/v2\/pages"}],"about":[{"href":"https:\/\/lyricaudio.com\/web\/wp-json\/wp\/v2\/types\/page"}],"author":[{"embeddable":true,"href":"https:\/\/lyricaudio.com\/web\/wp-json\/wp\/v2\/users\/1"}],"replies":[{"embeddable":true,"href":"https:\/\/lyricaudio.com\/web\/wp-json\/wp\/v2\/comments?post=20"}],"version-history":[{"count":6,"href":"https:\/\/lyricaudio.com\/web\/wp-json\/wp\/v2\/pages\/20\/revisions"}],"predecessor-version":[{"id":12144,"href":"https:\/\/lyricaudio.com\/web\/wp-json\/wp\/v2\/pages\/20\/revisions\/12144"}],"wp:featuredmedia":[{"embeddable":true,"href":"https:\/\/lyricaudio.com\/web\/wp-json\/wp\/v2\/media\/11436"}],"wp:attachment":[{"href":"https:\/\/lyricaudio.com\/web\/wp-json\/wp\/v2\/media?parent=20"}],"curies":[{"name":"wp","href":"https:\/\/api.w.org\/{rel}","templated":true}]}}