{"id":12348,"date":"2025-10-16T18:55:30","date_gmt":"2025-10-16T18:55:30","guid":{"rendered":"https:\/\/lyricaudio.com\/web\/?page_id=12348"},"modified":"2025-10-16T18:57:52","modified_gmt":"2025-10-16T18:57:52","slug":"harbeth-super-hl5-plus-la-voz-britanica-que-enamora","status":"publish","type":"page","link":"https:\/\/lyricaudio.com\/web\/harbeth-super-hl5-plus-la-voz-britanica-que-enamora\/","title":{"rendered":"HARBETH Super HL5 Plus \u2014 La voz brit\u00e1nica que enamora"},"content":{"rendered":"<p data-start=\"240\" data-end=\"517\">Entre los altavoces que m\u00e1s admiraci\u00f3n despiertan en nuestro showroom, las <strong data-start=\"315\" data-end=\"341\">Harbeth Super HL5 Plus<\/strong> ocupan un lugar muy especial.<br data-start=\"371\" data-end=\"374\" \/>Quienes nos visitan en Valladolid quedan cautivados por su <strong data-start=\"433\" data-end=\"484\">naturalidad, equilibrio y ese timbre tan humano<\/strong> que solo Harbeth sabe ofrecer.<\/p>\n<p data-start=\"240\" data-end=\"517\"><a href=\"https:\/\/lyricaudio.com\/web\/wp-content\/uploads\/2025\/10\/Harbeth-super-HL-5-plus-7.png\" target=\"_blank\" rel=\"noopener\"><img loading=\"lazy\" decoding=\"async\" class=\"alignnone wp-image-12343 size-full\" src=\"https:\/\/lyricaudio.com\/web\/wp-content\/uploads\/2025\/10\/Harbeth-super-HL-5-plus-7.png\" alt=\"\" width=\"1344\" height=\"768\" srcset=\"https:\/\/lyricaudio.com\/web\/wp-content\/uploads\/2025\/10\/Harbeth-super-HL-5-plus-7.png 1344w, https:\/\/lyricaudio.com\/web\/wp-content\/uploads\/2025\/10\/Harbeth-super-HL-5-plus-7-300x171.png 300w, https:\/\/lyricaudio.com\/web\/wp-content\/uploads\/2025\/10\/Harbeth-super-HL-5-plus-7-1080x617.png 1080w\" sizes=\"(max-width: 1344px) 100vw, 1344px\" \/><\/a><\/p>\n<p data-start=\"519\" data-end=\"821\">Su sonido tiene algo m\u00e1gico: las voces suenan presentes, los instrumentos respiran y la m\u00fasica fluye con una elegancia que no busca impresionar, sino emocionar. Es la <strong data-start=\"686\" data-end=\"730\">escuela brit\u00e1nica en su m\u00e1xima expresi\u00f3n<\/strong>, afinada con el gusto y la sensibilidad que han hecho de Harbeth una referencia mundial.<\/p>\n<p data-start=\"519\" data-end=\"821\"><a href=\"https:\/\/lyricaudio.com\/web\/wp-content\/uploads\/2025\/10\/Harbeth-super-hl-5-plus-compo.jpg\" target=\"_blank\" rel=\"noopener\"><img loading=\"lazy\" decoding=\"async\" class=\"alignnone wp-image-12345 size-full\" src=\"https:\/\/lyricaudio.com\/web\/wp-content\/uploads\/2025\/10\/Harbeth-super-hl-5-plus-compo.jpg\" alt=\"\" width=\"1024\" height=\"1024\" srcset=\"https:\/\/lyricaudio.com\/web\/wp-content\/uploads\/2025\/10\/Harbeth-super-hl-5-plus-compo.jpg 1024w, https:\/\/lyricaudio.com\/web\/wp-content\/uploads\/2025\/10\/Harbeth-super-hl-5-plus-compo-300x300.jpg 300w, https:\/\/lyricaudio.com\/web\/wp-content\/uploads\/2025\/10\/Harbeth-super-hl-5-plus-compo-150x150.jpg 150w\" sizes=\"(max-width: 1024px) 100vw, 1024px\" \/><\/a><\/p>\n<p data-start=\"823\" data-end=\"1104\">A nosotros tambi\u00e9n nos siguen sorprendiendo cada d\u00eda: su sencillez est\u00e9tica esconde una <strong data-start=\"911\" data-end=\"949\">sofisticaci\u00f3n ac\u00fastica excepcional<\/strong>, capaz de llenar la sala con una presencia c\u00e1lida y envolvente.<br data-start=\"1013\" data-end=\"1016\" \/>Un cl\u00e1sico moderno que sigue record\u00e1ndonos por qu\u00e9 <strong data-start=\"1067\" data-end=\"1104\">la emoci\u00f3n est\u00e1 en el equilibrio<\/strong><\/p>\n","protected":false},"excerpt":{"rendered":"<p>Entre los altavoces que m\u00e1s admiraci\u00f3n despiertan en nuestro showroom, las Harbeth Super HL5 Plus ocupan un lugar muy especial.Quienes nos visitan en Valladolid quedan cautivados por su naturalidad, equilibrio y ese timbre tan humano que solo Harbeth sabe ofrecer. Su sonido tiene algo m\u00e1gico: las voces suenan presentes, los instrumentos respiran y la m\u00fasica &#8230; <\/p>\n<p class=\"read-more-container\"><a title=\"HARBETH Super HL5 Plus \u2014 La voz brit\u00e1nica que enamora\" class=\"read-more button\" href=\"https:\/\/lyricaudio.com\/web\/harbeth-super-hl5-plus-la-voz-britanica-que-enamora\/#more-12348\" aria-label=\"Leer m\u00e1s sobre HARBETH Super HL5 Plus \u2014 La voz brit\u00e1nica que enamora\">Leer m\u00e1s<\/a><\/p>\n","protected":false},"author":2,"featured_media":12346,"parent":0,"menu_order":0,"comment_status":"closed","ping_status":"closed","template":"","meta":{"_et_pb_use_builder":"","_et_pb_old_content":"","_et_gb_content_width":"","footnotes":""},"class_list":["post-12348","page","type-page","status-publish","has-post-thumbnail"],"_links":{"self":[{"href":"https:\/\/lyricaudio.com\/web\/wp-json\/wp\/v2\/pages\/12348","targetHints":{"allow":["GET"]}}],"collection":[{"href":"https:\/\/lyricaudio.com\/web\/wp-json\/wp\/v2\/pages"}],"about":[{"href":"https:\/\/lyricaudio.com\/web\/wp-json\/wp\/v2\/types\/page"}],"author":[{"embeddable":true,"href":"https:\/\/lyricaudio.com\/web\/wp-json\/wp\/v2\/users\/2"}],"replies":[{"embeddable":true,"href":"https:\/\/lyricaudio.com\/web\/wp-json\/wp\/v2\/comments?post=12348"}],"version-history":[{"count":1,"href":"https:\/\/lyricaudio.com\/web\/wp-json\/wp\/v2\/pages\/12348\/revisions"}],"predecessor-version":[{"id":12349,"href":"https:\/\/lyricaudio.com\/web\/wp-json\/wp\/v2\/pages\/12348\/revisions\/12349"}],"wp:featuredmedia":[{"embeddable":true,"href":"https:\/\/lyricaudio.com\/web\/wp-json\/wp\/v2\/media\/12346"}],"wp:attachment":[{"href":"https:\/\/lyricaudio.com\/web\/wp-json\/wp\/v2\/media?parent=12348"}],"curies":[{"name":"wp","href":"https:\/\/api.w.org\/{rel}","templated":true}]}}