{"id":1199,"date":"2016-07-04T05:58:14","date_gmt":"2016-07-04T05:58:14","guid":{"rendered":"https:\/\/lyricaudio.com\/web\/?page_id=1199"},"modified":"2022-02-07T18:37:02","modified_gmt":"2022-02-07T18:37:02","slug":"politica-de-cookies","status":"publish","type":"page","link":"https:\/\/lyricaudio.com\/web\/politica-de-cookies\/","title":{"rendered":"Pol\u00edtica de Cookies"},"content":{"rendered":"<p>Nuestro sitio web, lyricaudio.com, utiliza una tecnolog\u00eda denominada \u201ccookies\u201d con la finalidad de poder recabar informaci\u00f3n acerca del uso del Sitio Web. Le informamos de que podemos utilizar cookies con la finalidad de facilitar su navegaci\u00f3n a trav\u00e9s del Sitio Web, distinguirle de otros usuarios y analizar sus h\u00e1bitos de navegaci\u00f3n dentro del Sitio Web.<\/p>\n<p>La presente pol\u00edtica de cookies tiene por finalidad informarle de manera clara y precisa sobre las cookies que se utilizan en nuestro Sitio Web (la \u201cPol\u00edtica de Cookies\u201d).<\/p>\n<h3>\u00bfQU\u00c9 SON LAS COOKIES?<\/h3>\n<p>Una cookie es un archivo que se descarga en su equipo (ordenador o dispositivo m\u00f3vil) con la finalidad de almacenar datos que podr\u00e1n ser actualizados y recuperados por la entidad responsable de su instalaci\u00f3n.<\/p>\n<p>La informaci\u00f3n recabada a trav\u00e9s de las cookies puede incluir la direcci\u00f3n IP, fecha y hora de visitas al Sitio Web, las p\u00e1ginas visionadas dentro del Sitio Web, el tiempo que ha estado en nuestro Sitio Web y los sitios visitados justo antes y despu\u00e9s del mismo y otros datos de navegaci\u00f3n. As\u00ed, las cookies permiten obtener informaci\u00f3n sobre sus h\u00e1bitos de navegaci\u00f3n.<\/p>\n<h3>TIPO DE COOKIES QUE SE USAN EN EL SITIO WEB<\/h3>\n<h2>COOKIES PROPIAS:<\/h2>\n<p>Bajo el dominio <strong>lyricaudio.com<\/strong> se usan cookies t\u00e9cnicas\u00a0necesarias para el funcionamiento del sitio. No se recogen datos personales ni publicitarios en ning\u00fan caso para las que no es necesaria la obtenci\u00f3n de su consentimiento por estar excluidas del \u00e1mbito de aplicaci\u00f3n del art\u00edculo 22.2 de la Ley 34\/2002, de 11 de julio, de servicios de la sociedad de la informaci\u00f3n y de comercio electr\u00f3nico.<\/p>\n<h3><strong>SMAR COOKIE KIT:<\/strong><\/h3>\n<ul>\n<li><strong>CookiePreferences-<\/strong><br \/>\nCookie t\u00e9cnica<br \/>\nDuraci\u00f3n: 1 a\u00f1o<br \/>\nDominio: lyricaudio.com<br \/>\nEsta cookie se usa para mantener las preferencias sobre el uso de cookies que ha elegido el usuario.<\/li>\n<\/ul>\n<h3><strong>WORDPRESS:<\/strong><\/h3>\n<ul>\n<li><strong>wordpress_logged_in<\/strong><br \/>\nCookie t\u00e9cnica de sesi\u00f3n<br \/>\nDuraci\u00f3n: Sesi\u00f3n<br \/>\nDominio: lyricaudio.com<br \/>\nDespu\u00e9s del login, WordPress activa la cookie wordpress_logged_in_, cuya funci\u00f3n es indicar cuando se ha conectado y qui\u00e9n es, siendo utilizado por la interfaz de WordPress.<\/li>\n<li><strong>wordpress_sec_<\/strong><br \/>\nCookie t\u00e9cnica de sesi\u00f3n<br \/>\nDuraci\u00f3n: Sesi\u00f3n<br \/>\nDominio: lyricaudio.com<br \/>\nSe utiliza como clave para controlar el acceso de un usuario al servicio de WordPress. Cookie de sesi\u00f3n.<\/li>\n<li><strong>wordpress_test_cookie<\/strong><br \/>\nCookie t\u00e9cnica<br \/>\nDuraci\u00f3n: sesi\u00f3n<br \/>\nDominio: lyricaudio.com<br \/>\nEsta cookie se usa para que el gestor de contenidos WordPress compruebe si el navegador tiene las cookies activadas.<\/li>\n<li><strong>wp-settings<\/strong><br \/>\nCookie t\u00e9cnica<br \/>\nDuraci\u00f3n: 1 a\u00f1o<br \/>\nDominio: lyricaudio.com<br \/>\nCookie de WordPress que identifica al usuario con un n\u00famero coincidente al que posee en la base de datos de usuarios de la web. Sirve para personalizar la vista de la interfaz de administraci\u00f3n, as\u00ed como la interfaz principal del sitio.<\/li>\n<li><strong>wp-settings-time<\/strong><br \/>\nCookie t\u00e9cnica<br \/>\nDuraci\u00f3n: 1 a\u00f1o<br \/>\nDominio: lyricaudio.com<br \/>\nWordPress utiliza esta cookie para personalizar su vista de la interfaz de administraci\u00f3n y posiblemente tambi\u00e9n la interfaz del sitio principal.<\/li>\n<li><strong>gravatar.com<br \/>\n<\/strong>Cookies t\u00e9cnicas y funcionales<br \/>\nDuraci\u00f3n: 50 a\u00f1os<br \/>\nInformaci\u00f3n sobre el inicio de sesi\u00f3n<\/li>\n<\/ul>\n<p><a href=\"https:\/\/es.wordpress.org\/about\/privacy\/cookies\/\" target=\"_blank\" rel=\"noopener noreferrer\">Pol\u00edtica de cookies de WordPress<\/a><\/p>\n<h3><strong>SMARTSUPP (sistema de chat, no guarda ning\u00fan dato personal):<\/strong><\/h3>\n<ul>\n<li><strong>ssupp.vid<\/strong><br \/>\nCookie t\u00e9cnica<br \/>\nDuraci\u00f3n: 6 meses<br \/>\nDominio: lirycaudio.com<br \/>\nUsada por Smartsupp la identificaci\u00f3n del visitante<\/li>\n<li><strong>ssupp.chatid<\/strong><br \/>\nCookie t\u00e9cnica<br \/>\nDuraci\u00f3n: sesi\u00f3n<br \/>\nDominio: lirycaudio.com<br \/>\nUsada por Smartsupp para la identificaci\u00f3n de la conversaci\u00f3n<\/li>\n<li><strong>ssupp.group<\/strong><br \/>\nCookie t\u00e9cnica<br \/>\nDuraci\u00f3n: sesi\u00f3n<br \/>\nDominio: lirycaudio.com<br \/>\nUsada por Smartsupp para el \u00faltimo grupo de visitantes<\/li>\n<li><strong>ssupp.opened<\/strong><br \/>\nCookie t\u00e9cnica<br \/>\nDuraci\u00f3n: sesi\u00f3n<br \/>\nDominio: lirycaudio.com<br \/>\nUsada por Smartsupp cuando el chat est\u00e1 abierto<\/li>\n<li><strong>ssupp.barclicked<\/strong><br \/>\nCookie t\u00e9cnica<br \/>\nDuraci\u00f3n: sesi\u00f3n<br \/>\nDominio: lirycaudio.com<br \/>\nUsada por Smartsupp cuando se abre el\u00a0chat, necesario para los mensajes autom\u00e1ticos<\/li>\n<li><strong>ssupp.message<\/strong><br \/>\nCookie t\u00e9cnica<br \/>\nDuraci\u00f3n: sesi\u00f3n<br \/>\nDominio: lirycaudio.com<br \/>\nUsada por Smartsupp, almacena el contenido en el \u00e1rea de texto si la p\u00e1gina se actualiza<\/li>\n<li><strong>ssupp.unreaded<\/strong><br \/>\nCookie t\u00e9cnica<br \/>\nDuraci\u00f3n: sesi\u00f3n<br \/>\nDominio: lirycaudio.com<br \/>\nUsada por Smartsupp, almacena el n\u00famero de mensajes no le\u00eddos<\/li>\n<li><strong>ssupp.visits<\/strong><br \/>\nCookie t\u00e9cnica<br \/>\nDuraci\u00f3n: 6 meses<br \/>\nDominio: lirycaudio.com<br \/>\nUsada por Smartsupp para saber n\u00famero de visitas previas, necesario para rastrear mensajes autom\u00e1ticos<\/li>\n<\/ul>\n<p><a href=\"https:\/\/www.smartsupp.com\/es\/help\/privacidad\/\" target=\"_blank\" rel=\"noopener noreferrer\">Pol\u00edtica de cookies de Smartsupp<\/a><\/p>\n<hr \/>\n<p>Adem\u00e1s de las cookies t\u00e9cnicas, este Sitio Web instala cookies que requieren el consentimiento de los usuarios. A continuaci\u00f3n, podr\u00e1 encontrar la informaci\u00f3n relativa a dichas cookies:<\/p>\n<h2>COOKIES DE TERCEROS<\/h2>\n<p><strong>GOOGLE.COM:<\/strong><\/p>\n<ul>\n<li><strong>NID<\/strong><br \/>\nCookie t\u00e9cnica<br \/>\nDuraci\u00f3n: 1 a\u00f1o<br \/>\nDominio: google.com<br \/>\nUtilizada por Google para guardar informaci\u00f3n sobre el idioma o regi\u00f3n.<\/li>\n<li><strong>SNID<\/strong><br \/>\nCookie t\u00e9cnica<br \/>\nDuraci\u00f3n: 6 meses<br \/>\nDominio: google.com<br \/>\nUtilizada por Google para guardar preferencias de usuario.<\/li>\n<li><strong>SSID<\/strong><br \/>\nCookie t\u00e9cnica<br \/>\nDuraci\u00f3n: 1 a\u00f1o<br \/>\nDominio: google.com<br \/>\nUtilizada por Google para permanecer conectado en su cuenta de Google.<\/li>\n<li><strong>CONSENT<\/strong><br \/>\nCookie de consentimiento<br \/>\nDuraci\u00f3n: 6 meses<br \/>\nDominio: google.com<br \/>\nConsentimiento para la configuraci\u00f3n de la cookie.<\/li>\n<li><strong>HSID<\/strong><br \/>\nCookie anal\u00edtica<br \/>\nDuraci\u00f3n: 1 a\u00f1o<br \/>\nDominio google.com<br \/>\nRecuento por parte de Google del n\u00famero de usuarios que utilizan los mapas.<\/li>\n<li><strong>HID<\/strong><br \/>\nCookie anal\u00edtica<br \/>\nDuraci\u00f3n: 6 meses<br \/>\nDominio google.com<br \/>\nRecuento por parte de Google del n\u00famero de usuarios que utilizan los mapas.<\/li>\n<li><strong>OGPC<\/strong><br \/>\nCookie de rastreo<br \/>\nDuraci\u00f3n: 1 meses<br \/>\nDominio: google.com<br \/>\nEstas cookies son utilizadas por Google para almacenar las preferencias del usuario y la informaci\u00f3n durante la visualizaci\u00f3n de las p\u00e1ginas con los mapas de Google.<\/li>\n<li><strong>SEARCH_SAMESITE<\/strong><br \/>\nCookie de rastreo<br \/>\nDuraci\u00f3n: 6 meses<br \/>\nDominio: google.com<br \/>\nEsta cookie sirve para el correcto env\u00edo de datos a Google.<\/li>\n<li><strong>SID<\/strong><br \/>\nCookie de rastreo<br \/>\nDuraci\u00f3n: 6 meses<br \/>\nDominio: google.com<br \/>\nProvee servicios y extrae informaci\u00f3n an\u00f3nima sobre la navegaci\u00f3n.<\/li>\n<li><strong>SIDCC<\/strong><br \/>\nCookie de rastreo<br \/>\nDuraci\u00f3n: 6 meses<br \/>\nDominio: google.com<br \/>\nEstas cookies son utilizadas por Google para almacenar las preferencias del usuario y la informaci\u00f3n durante la visualizaci\u00f3n de las p\u00e1ginas con los mapas de Google en ellos.<\/li>\n<li><strong>UULE<\/strong><br \/>\nCookie de rastreo<br \/>\nDuraci\u00f3n: 1 d\u00eda desde que se cre\u00f3 inicialmente o se restableci\u00f3.<br \/>\nDominio: google.com<br \/>\nCookie asociada al servicio de Google Maps. Permite la geolocalizaci\u00f3n de nuestro laboratorio en la secci\u00f3n correspondiente de este sitio web.<\/li>\n<li><strong>__Secure-3PSIDCC<\/strong><br \/>\nCookie publicitaria<br \/>\nDuraci\u00f3n: 1 a\u00f1o<br \/>\nDominio google.com<br \/>\nEstas cookies se utilizan para entregar anuncios m\u00e1s relevantes para usted y sus intereses.<\/li>\n<li><strong>1P_JAR<\/strong><br \/>\nCookie publicitaria<br \/>\nDuraci\u00f3n: 1 mes y medio<br \/>\nDominio google.com<br \/>\nEstas cookies se utilizan para ofrecer anuncios m\u00e1s relevantes para usted y sus intereses.<\/li>\n<li><strong>AID<br \/>\n<\/strong>Cookie publicitaria<br \/>\nDuraci\u00f3n: 6 meses<br \/>\nDominio google.com<br \/>\nEstas cookies se utilizan para registrar qui\u00e9n visita nuestro sitio, su ubicaci\u00f3n, actividad y preferencias.<\/li>\n<li><strong>ANID<br \/>\n<\/strong>Cookie publicitaria<br \/>\nDuraci\u00f3n: 24 d\u00edas<br \/>\nDominio google.com<br \/>\nSirve para medir el rendimiento del anuncio y proporcionar recomendaciones.<\/li>\n<li><strong>APISID<\/strong><br \/>\nCookie publicitaria<br \/>\nDuraci\u00f3n: 1 a\u00f1o<br \/>\nDominio google.com<br \/>\nMide el rendimiento de los anuncios y proporciona recomendaciones.<\/li>\n<li><strong>CGIC<\/strong><br \/>\nCookie publicitaria<br \/>\nDuraci\u00f3n: 1 a\u00f1o<br \/>\nDominio google.com<br \/>\nSon cookies asociadas al servicio de Google Maps y servicios de Google. Permite la geolocalizaci\u00f3n de nuestro centro de trabajo en la secci\u00f3n correspondiente de este sitio web, adem\u00e1s de otros servicios relacionados con Google.<\/li>\n<li><strong>DV<\/strong><br \/>\nCookie publicitaria<br \/>\nDuraci\u00f3n: 24 horas<br \/>\nDominio google.com<br \/>\nUtilizada por Google para proveer servicios y extraer informaci\u00f3n an\u00f3nima sobre la navegaci\u00f3n.<\/li>\n<li><strong>SAPISID<\/strong><br \/>\nCookie publicitaria<br \/>\nDuraci\u00f3n: 1 a\u00f1o<br \/>\nDominio google.com<br \/>\nMide el rendimiento de los anuncios y proporciona recomendaciones.<\/li>\n<li><strong>TAID<\/strong><br \/>\nCookie publicitaria<br \/>\nDuraci\u00f3n: 15 d\u00edas<br \/>\nDominio google.com<br \/>\nEsta cookie recopila datos de navegaci\u00f3n `para sincronizar dispositivos para mostrarle anuncios personalizados.<\/li>\n<\/ul>\n<p><a href=\"https:\/\/policies.google.com\/technologies\/cookies?hl=es\" target=\"_blank\" rel=\"noopener noreferrer\">Pol\u00edtica de cookies de Google<\/a><\/p>\n<p><strong>YOUTUBE.COM:<\/strong><\/p>\n<ul>\n<li><strong>YSC<\/strong><br \/>\nCookie t\u00e9cnica<br \/>\nDuraci\u00f3n: sesi\u00f3n<br \/>\nDominio: youtube.com<br \/>\nContiene un identificador \u00fanico para permitir el control de visitas a videos de YouTube.<\/li>\n<li><strong>CONSENT<\/strong><br \/>\nCookie de consentimiento<br \/>\nDuraci\u00f3n: 6 meses<br \/>\nDominio: youtube.com<br \/>\nConsentimiento para la configuraci\u00f3n de la cookie.<\/li>\n<li><strong>GPS<\/strong><br \/>\nCookie de marketing<br \/>\nDuraci\u00f3n: 6 meses<br \/>\nDominio: youtube.com<br \/>\nEsta cookie almacena datos de localizaci\u00f3n.<\/li>\n<li><strong>PREF<\/strong><br \/>\nCookie de estad\u00edstica<br \/>\nDuraci\u00f3n: 8 meses<br \/>\nDominio: youtube.com<br \/>\nRegistra una identificaci\u00f3n \u00fanica que utiliza Google para mantener estad\u00edsticas sobre c\u00f3mo utiliza el visitante los v\u00eddeos de YouTube en sitios web diferentes.<\/li>\n<li><strong>VISITOR_INFO1_LIVE<\/strong><br \/>\nCookie de estad\u00edstica<br \/>\nDuraci\u00f3n: 179 d\u00edas<br \/>\nDominio: youtube.com<br \/>\nIntenta calcular el ancho de banda del usuario en p\u00e1ginas con v\u00eddeos de YouTube integrados.<\/li>\n<\/ul>\n<p><a href=\"https:\/\/www.youtube.com\/intl\/es\/about\/policies\/#community-guidelines\" target=\"_blank\" rel=\"noopener noreferrer\">Pol\u00edtica de cookies de Youtube<\/a><\/p>\n<p><strong>VIMEO.COM:<\/strong><\/p>\n<ul>\n<li><strong>player<\/strong><br \/>\nCookie de preferencias<br \/>\nDuraci\u00f3n: 1 a\u00f1o<br \/>\nDominio: av.vimeo.com, vimeo.com, player.vimeo.com y secure-a.vimeocdn.com<br \/>\nAlmacenar y realizar un seguimiento del alcance de la audiencia. <b><\/b>Estas cookies se instalan al mostrar cualquier video de Vimeo en una p\u00e1gina<\/li>\n<li><strong>_utma<\/strong><br \/>\nCookie anal\u00edtica<br \/>\nDuraci\u00f3n: 2 a\u00f1os<br \/>\nDominio: player.vimeo.com<br \/>\nAlmacenan informaci\u00f3n sobre c\u00f3mo se utilizan los videos de Vimeo para que se puedan hacer mejoras e informar de nuestra productividad. Vimeo hace uso de las cookies de google analytics en la utilizaci\u00f3n de sus videos<\/li>\n<li><strong>_utmb<\/strong><br \/>\nCookie anal\u00edtica<br \/>\nDuraci\u00f3n: 30 minutos<br \/>\nDominio: player.vimeo.com<br \/>\nAlmacenan informaci\u00f3n sobre c\u00f3mo se utilizan los videos de Vimeo para que se puedan hacer mejoras e informar de nuestra productividad. Vimeo hace uso de las cookies de google analytics en la utilizaci\u00f3n de sus videos<\/li>\n<li><strong>_utmc<\/strong><br \/>\nCookie anal\u00edtica<br \/>\nDuraci\u00f3n: Sesi\u00f3n<br \/>\nDominio: player.vimeo.com<br \/>\nAlmacenan informaci\u00f3n sobre c\u00f3mo se utilizan los videos de Vimeo para que se puedan hacer mejoras e informar de nuestra productividad. Vimeo hace uso de las cookies de google analytics en la utilizaci\u00f3n de sus videos<\/li>\n<li><strong>_utmz<\/strong><br \/>\nCookie anal\u00edtica<br \/>\nDuraci\u00f3n: 6 meses<br \/>\nDominio: player.vimeo.com<br \/>\nAlmacenan informaci\u00f3n sobre c\u00f3mo se utilizan los videos de Vimeo para que se puedan hacer mejoras e informar de nuestra productividad. Vimeo hace uso de las cookies de google analytics en la utilizaci\u00f3n de sus videos<\/li>\n<li><strong>vuid<\/strong><br \/>\nCookie estad\u00edstica<br \/>\nDuraci\u00f3n: 2 a\u00f1os<br \/>\nDominio: vimeo.com<br \/>\nAlmacenar el historial de uso del usuario<\/li>\n<li><span class=\"txt_verde16_b\"><strong>aka_debug<\/strong><br \/>\n<\/span>Cookie de preferencias<br \/>\nDuraci\u00f3n: Sesi\u00f3n<br \/>\nDominio: pdl.vimeocdn.com<br \/>\nGenerada por av.vimeo.com, se utiliza para poder diagnosticar posibles problemas que pudieran ocurrir en el reproductor.<\/li>\n<\/ul>\n<p><a href=\"https:\/\/vimeo.com\/cookie_policy\" target=\"_blank\" rel=\"noopener noreferrer\">Pol\u00edtica de cookies de Vimeo<\/a><\/p>\n<hr \/>\n<h2>CONSENTIMIENTO<\/h2>\n<p>Al navegar en nuestro Sitio Web estar\u00e1 consintiendo el uso de las cookies antes enunciadas, por los plazos se\u00f1alados y en las condiciones contenidas en la presente Pol\u00edtica de Cookies. Tenga en cuenta que si acepta las cookies, y m\u00e1s adelante desea eliminarlas permanentemente, deber\u00e1 hacerlo desde las opciones del navegador m\u00e1s abajo indicadas ya que la revocaci\u00f3n\u00a0 no las eliminar\u00e1.<\/p>\n<hr \/>\n<h2>RECHAZO Y REVOCACI\u00d3N DEL CONSENTIMIENTO<\/h2>\n<p>Puede rechazar el uso de cookies en este sitio web y revocar su consentimiento pinchando en el bot\u00f3n azul \u00abConfigurar cookies\u00bb que aparece en la parte inferior izquierda de su pantalla<\/p>\n<hr \/>\n<h2>ELIMINACI\u00d3N DE COOKIES<\/h2>\n<p>En cualquier caso, le informamos de que puede eliminar, bloquear o deshabilitar las cookies en cualquier momento modificando la configuraci\u00f3n de su navegador, que le permitir\u00e1 rechazar la instalaci\u00f3n de todas las cookies o de algunas de ellas. Si elimina todas las cookies de este sitio web, a trav\u00e9s de su navegador, borrar\u00e1 tambi\u00e9n las opciones de configuraci\u00f3n que haya elegido sobre nuestras cookies (aceptaci\u00f3n, rechazo o revocaci\u00f3n de su uso). A continuaci\u00f3n, podr\u00e1 encontrar informaci\u00f3n sobre c\u00f3mo gestionar el uso de cookies en funci\u00f3n del navegador utilizado:<\/p>\n<p>Firefox:<br \/>\n<a href=\"https:\/\/support.mozilla.org\/es\/kb\/habilitar-y-deshabilitar-cookies-sitios-web-rastrear-preferencias\" target=\"_blank\" rel=\"noreferrer noopener\">https:\/\/support.mozilla.org\/es\/kb\/habilitar-y-deshabilitar-cookies-sitios-web-rastrear-preferencias<\/a><\/p>\n<p>Chrome:<br \/>\n<a href=\"https:\/\/support.google.com\/chrome\/answer\/95647?co=GENIE.Platform%3DDesktop&amp;hl=es\" target=\"_blank\" rel=\"noreferrer noopener\">https:\/\/support.google.com\/chrome\/answer\/95647?co=GENIE.Platform%3DDesktop&amp;hl=es<\/a><\/p>\n<p>Safari:<br \/>\n<a href=\"https:\/\/support.apple.com\/es-es\/guide\/safari\/sfri11471\/mac\" target=\"_blank\" rel=\"noreferrer noopener\">https:\/\/support.apple.com\/es-es\/guide\/safari\/sfri11471\/mac<\/a><\/p>\n<p>Internet Explorer:<br \/>\n<a href=\"https:\/\/support.microsoft.com\/es-es\/help\/17442\/windows-internet-explorer-delete-manage-cookies\" target=\"_blank\" rel=\"noreferrer noopener\">https:\/\/support.microsoft.com\/es-es\/help\/17442\/windows-internet-explorer-delete-manage-cookies<\/a><\/p>\n<p>Microsoft Edge:<br \/>\n<a href=\"https:\/\/privacy.microsoft.com\/es-es\/windows-10-microsoft-edge-and-privacy\" target=\"_blank\" rel=\"noreferrer noopener\">https:\/\/privacy.microsoft.com\/es-es\/windows-10-microsoft-edge-and-privacy<\/a><\/p>\n<hr \/>\n<h2>CAMBIOS EN LA POL\u00cdTICA DE COOKIES<\/h2>\n<p>Es posible que actualicemos la Pol\u00edtica de Cookies de nuestro Sitio Web. Por ello, le recomendamos revisar esta pol\u00edtica cada vez que acceda a nuestro Sitio Web con el objetivo de estar adecuadamente informado.<\/p>\n<p><strong data-rich-text-format-boundary=\"true\">Actualizado: 3 de diciembre de 2020<\/strong><\/p>\n","protected":false},"excerpt":{"rendered":"<p>Nuestro sitio web, lyricaudio.com, utiliza una tecnolog\u00eda denominada \u201ccookies\u201d con la finalidad de poder recabar informaci\u00f3n acerca del uso del Sitio Web. Le informamos de que podemos utilizar cookies con la finalidad de facilitar su navegaci\u00f3n a trav\u00e9s del Sitio Web, distinguirle de otros usuarios y analizar sus h\u00e1bitos de navegaci\u00f3n dentro del Sitio Web. &#8230; <\/p>\n<p class=\"read-more-container\"><a title=\"Pol\u00edtica de Cookies\" class=\"read-more button\" href=\"https:\/\/lyricaudio.com\/web\/politica-de-cookies\/#more-1199\" aria-label=\"Leer m\u00e1s sobre Pol\u00edtica de Cookies\">Leer m\u00e1s<\/a><\/p>\n","protected":false},"author":1,"featured_media":6142,"parent":0,"menu_order":0,"comment_status":"closed","ping_status":"closed","template":"","meta":{"_et_pb_use_builder":"","_et_pb_old_content":"","_et_gb_content_width":"","footnotes":""},"class_list":["post-1199","page","type-page","status-publish","has-post-thumbnail"],"_links":{"self":[{"href":"https:\/\/lyricaudio.com\/web\/wp-json\/wp\/v2\/pages\/1199","targetHints":{"allow":["GET"]}}],"collection":[{"href":"https:\/\/lyricaudio.com\/web\/wp-json\/wp\/v2\/pages"}],"about":[{"href":"https:\/\/lyricaudio.com\/web\/wp-json\/wp\/v2\/types\/page"}],"author":[{"embeddable":true,"href":"https:\/\/lyricaudio.com\/web\/wp-json\/wp\/v2\/users\/1"}],"replies":[{"embeddable":true,"href":"https:\/\/lyricaudio.com\/web\/wp-json\/wp\/v2\/comments?post=1199"}],"version-history":[{"count":6,"href":"https:\/\/lyricaudio.com\/web\/wp-json\/wp\/v2\/pages\/1199\/revisions"}],"predecessor-version":[{"id":10208,"href":"https:\/\/lyricaudio.com\/web\/wp-json\/wp\/v2\/pages\/1199\/revisions\/10208"}],"wp:featuredmedia":[{"embeddable":true,"href":"https:\/\/lyricaudio.com\/web\/wp-json\/wp\/v2\/media\/6142"}],"wp:attachment":[{"href":"https:\/\/lyricaudio.com\/web\/wp-json\/wp\/v2\/media?parent=1199"}],"curies":[{"name":"wp","href":"https:\/\/api.w.org\/{rel}","templated":true}]}}