{"id":11086,"date":"2023-06-11T07:28:20","date_gmt":"2023-06-11T07:28:20","guid":{"rendered":"https:\/\/lyricaudio.com\/web\/?page_id=11086"},"modified":"2023-06-11T07:28:20","modified_gmt":"2023-06-11T07:28:20","slug":"jadis-i70","status":"publish","type":"page","link":"https:\/\/lyricaudio.com\/web\/jadis-i70\/","title":{"rendered":"Jadis I70"},"content":{"rendered":"<p>El amplificador integrado <em><strong>Jadis I70<\/strong><\/em> est\u00e1 excepcionalmente bien construido, con un dise\u00f1o robusto y elegante que puede generar opiniones divididas. En su parte frontal, ofrece controles est\u00e1ndar como el interruptor de encendido, la perilla de volumen, el control de balance y el selector de fuente. Cuenta con la capacidad de polarizaci\u00f3n autom\u00e1tica, eliminando la necesidad de que los usuarios establezcan la polarizaci\u00f3n por s\u00ed mismos, una funci\u00f3n atractiva para aquellos que prefieren evitar complicaciones t\u00e9cnicas. Sin embargo, el<em><strong> I70<\/strong><\/em> emite mucho calor, por lo que potencialmente podr\u00eda aumentar tu factura de electricidad.<\/p>\n<p>En la parte trasera, el amplificador incluye cinco entradas RCA, aunque carece de una entrada balanceada XLR, que habr\u00eda facilitado el uso con ciertos equipos de prueba. Adem\u00e1s, proporciona una salida de derivaci\u00f3n y salidas de altavoces que admiten bi-cableado y bi-amplificaci\u00f3n. El ajuste de las salidas de los altavoces se personaliza seg\u00fan la impedancia de tus altavoces.<\/p>\n<p>Desde el punto de vista sonoro, el <em><strong>Jadis I70<\/strong><\/em> es excepcional. Utilizado con los altavoces Audiovector R6 Arrete y alimentado por el DAC de LAB12, este amplificador proporciona una rica gama de detalles y una complejidad sonora asombrosa. Sorprende la potencia del <em><strong>I70<\/strong><\/em>, su capacidad para tomar el control total de los parlantes, y su silencio absoluto, lo que permite una experiencia auditiva detallada y sin interrupciones.<\/p>\n<p>Este amplificador es capaz de revelar nuevos aspectos de grabaciones familiares, gracias a su enfoque en los detalles m\u00e1s sutiles. La presentaci\u00f3n es din\u00e1mica y fresca, ofreciendo una perspectiva nueva en las canciones. En ning\u00fan momento da la impresi\u00f3n de ser suave o lento, algo que suele asociarse a menudo con los amplificadores de v\u00e1lvulas.<\/p>\n<p>En t\u00e9rminos de su capacidad para manejar diferentes g\u00e9neros, el<em><strong> I70<\/strong><\/em> es igualmente impresionante. Con m\u00fasica cl\u00e1sica, jazz o techno, este amplificador reacciona instant\u00e1neamente a los cambios din\u00e1micos en la m\u00fasica, aumentando la emoci\u00f3n y la expectativa. Los vocales se presentan de manera natural y los registros superiores nunca son \u00e1speros. A altos vol\u00famenes, el I70 mantiene su claridad y detalle, sin sacrificar ninguna de sus caracter\u00edsticas de sonido.<\/p>\n<p>No me disculpo en absoluto por mi efusiva revisi\u00f3n de este amplificador, es absolutamente maravilloso y cumple todos los requisitos de conexi\u00f3n emocional correctos para m\u00ed<\/p>\n<p>Lo que este amplificador hace excepcionalmente bien es equilibrar un rendimiento tremendamente din\u00e1mico con una presentaci\u00f3n enormemente detallada y matizada.\u00a0El amplificador reacciona de inmediato a la necesidad de energ\u00eda y esto brinda una experiencia auditiva fant\u00e1sticamente emocionante con todo tipo de m\u00fasica.<\/p>\n<p>El <em><strong>Jadis I70<\/strong><\/em> es costoso, pero su rendimiento justifica su costo. Ofrece una calidad de sonido sin igual y un ajuste y acabado superiores. En conclusi\u00f3n, el Jadis I70 es una excelente opci\u00f3n para los audi\u00f3filos que buscan la perfecci\u00f3n en su sistema de sonido.<\/p>\n<p><strong>HiFi Pig<\/strong><\/p>\n<div id='gallery-1' class='gallery galleryid-11086 gallery-columns-3 gallery-size-full'><figure class='gallery-item'>\n\t\t\t<div class='gallery-icon landscape'>\n\t\t\t\t<a href='https:\/\/lyricaudio.com\/web\/wp-content\/uploads\/2023\/06\/jadis-i70_01.jpg'><img loading=\"lazy\" decoding=\"async\" width=\"900\" height=\"671\" src=\"https:\/\/lyricaudio.com\/web\/wp-content\/uploads\/2023\/06\/jadis-i70_01.jpg\" class=\"attachment-full size-full\" alt=\"\" srcset=\"https:\/\/lyricaudio.com\/web\/wp-content\/uploads\/2023\/06\/jadis-i70_01.jpg 900w, https:\/\/lyricaudio.com\/web\/wp-content\/uploads\/2023\/06\/jadis-i70_01-300x224.jpg 300w\" sizes=\"(max-width: 900px) 100vw, 900px\" \/><\/a>\n\t\t\t<\/div><\/figure><figure class='gallery-item'>\n\t\t\t<div class='gallery-icon landscape'>\n\t\t\t\t<a href='https:\/\/lyricaudio.com\/web\/wp-content\/uploads\/2023\/06\/jadis-i70_02.jpg'><img loading=\"lazy\" decoding=\"async\" width=\"900\" height=\"657\" src=\"https:\/\/lyricaudio.com\/web\/wp-content\/uploads\/2023\/06\/jadis-i70_02.jpg\" class=\"attachment-full size-full\" alt=\"\" srcset=\"https:\/\/lyricaudio.com\/web\/wp-content\/uploads\/2023\/06\/jadis-i70_02.jpg 900w, https:\/\/lyricaudio.com\/web\/wp-content\/uploads\/2023\/06\/jadis-i70_02-300x219.jpg 300w\" sizes=\"(max-width: 900px) 100vw, 900px\" \/><\/a>\n\t\t\t<\/div><\/figure><figure class='gallery-item'>\n\t\t\t<div class='gallery-icon landscape'>\n\t\t\t\t<a href='https:\/\/lyricaudio.com\/web\/wp-content\/uploads\/2023\/06\/jadis-i70_03.jpg'><img loading=\"lazy\" decoding=\"async\" width=\"900\" height=\"788\" src=\"https:\/\/lyricaudio.com\/web\/wp-content\/uploads\/2023\/06\/jadis-i70_03.jpg\" class=\"attachment-full size-full\" alt=\"\" srcset=\"https:\/\/lyricaudio.com\/web\/wp-content\/uploads\/2023\/06\/jadis-i70_03.jpg 900w, https:\/\/lyricaudio.com\/web\/wp-content\/uploads\/2023\/06\/jadis-i70_03-300x263.jpg 300w\" sizes=\"(max-width: 900px) 100vw, 900px\" \/><\/a>\n\t\t\t<\/div><\/figure><figure class='gallery-item'>\n\t\t\t<div class='gallery-icon landscape'>\n\t\t\t\t<a href='https:\/\/lyricaudio.com\/web\/wp-content\/uploads\/2023\/06\/jadis-i70_04.jpg'><img loading=\"lazy\" decoding=\"async\" width=\"900\" height=\"609\" src=\"https:\/\/lyricaudio.com\/web\/wp-content\/uploads\/2023\/06\/jadis-i70_04.jpg\" class=\"attachment-full size-full\" alt=\"\" srcset=\"https:\/\/lyricaudio.com\/web\/wp-content\/uploads\/2023\/06\/jadis-i70_04.jpg 900w, https:\/\/lyricaudio.com\/web\/wp-content\/uploads\/2023\/06\/jadis-i70_04-300x203.jpg 300w\" sizes=\"(max-width: 900px) 100vw, 900px\" \/><\/a>\n\t\t\t<\/div><\/figure><figure class='gallery-item'>\n\t\t\t<div class='gallery-icon landscape'>\n\t\t\t\t<a href='https:\/\/lyricaudio.com\/web\/wp-content\/uploads\/2023\/06\/jadis-i70_05.jpg'><img loading=\"lazy\" decoding=\"async\" width=\"900\" height=\"687\" src=\"https:\/\/lyricaudio.com\/web\/wp-content\/uploads\/2023\/06\/jadis-i70_05.jpg\" class=\"attachment-full size-full\" alt=\"\" srcset=\"https:\/\/lyricaudio.com\/web\/wp-content\/uploads\/2023\/06\/jadis-i70_05.jpg 900w, https:\/\/lyricaudio.com\/web\/wp-content\/uploads\/2023\/06\/jadis-i70_05-300x229.jpg 300w\" sizes=\"(max-width: 900px) 100vw, 900px\" \/><\/a>\n\t\t\t<\/div><\/figure><figure class='gallery-item'>\n\t\t\t<div class='gallery-icon landscape'>\n\t\t\t\t<a href='https:\/\/lyricaudio.com\/web\/wp-content\/uploads\/2023\/06\/PIG-Editors-Choice-Award_CB_400px-300x251-1.jpg'><img loading=\"lazy\" decoding=\"async\" width=\"300\" height=\"251\" src=\"https:\/\/lyricaudio.com\/web\/wp-content\/uploads\/2023\/06\/PIG-Editors-Choice-Award_CB_400px-300x251-1.jpg\" class=\"attachment-full size-full\" alt=\"\" \/><\/a>\n\t\t\t<\/div><\/figure>\n\t\t<\/div>\n\n<p>&nbsp;<\/p>\n<p>&nbsp;<\/p>\n<p>&nbsp;<\/p>\n","protected":false},"excerpt":{"rendered":"<p>El amplificador integrado Jadis I70 est\u00e1 excepcionalmente bien construido, con un dise\u00f1o robusto y elegante que puede generar opiniones divididas. En su parte frontal, ofrece controles est\u00e1ndar como el interruptor de encendido, la perilla de volumen, el control de balance y el selector de fuente. Cuenta con la capacidad de polarizaci\u00f3n autom\u00e1tica, eliminando la necesidad &#8230; <\/p>\n<p class=\"read-more-container\"><a title=\"Jadis I70\" class=\"read-more button\" href=\"https:\/\/lyricaudio.com\/web\/jadis-i70\/#more-11086\" aria-label=\"Leer m\u00e1s sobre Jadis I70\">Leer m\u00e1s<\/a><\/p>\n","protected":false},"author":1,"featured_media":0,"parent":0,"menu_order":0,"comment_status":"closed","ping_status":"closed","template":"","meta":{"_et_pb_use_builder":"","_et_pb_old_content":"","_et_gb_content_width":"","footnotes":""},"class_list":["post-11086","page","type-page","status-publish"],"_links":{"self":[{"href":"https:\/\/lyricaudio.com\/web\/wp-json\/wp\/v2\/pages\/11086","targetHints":{"allow":["GET"]}}],"collection":[{"href":"https:\/\/lyricaudio.com\/web\/wp-json\/wp\/v2\/pages"}],"about":[{"href":"https:\/\/lyricaudio.com\/web\/wp-json\/wp\/v2\/types\/page"}],"author":[{"embeddable":true,"href":"https:\/\/lyricaudio.com\/web\/wp-json\/wp\/v2\/users\/1"}],"replies":[{"embeddable":true,"href":"https:\/\/lyricaudio.com\/web\/wp-json\/wp\/v2\/comments?post=11086"}],"version-history":[{"count":1,"href":"https:\/\/lyricaudio.com\/web\/wp-json\/wp\/v2\/pages\/11086\/revisions"}],"predecessor-version":[{"id":11093,"href":"https:\/\/lyricaudio.com\/web\/wp-json\/wp\/v2\/pages\/11086\/revisions\/11093"}],"wp:attachment":[{"href":"https:\/\/lyricaudio.com\/web\/wp-json\/wp\/v2\/media?parent=11086"}],"curies":[{"name":"wp","href":"https:\/\/api.w.org\/{rel}","templated":true}]}}